{"id":8092,"date":"2023-12-21T14:46:45","date_gmt":"2023-12-21T13:46:45","guid":{"rendered":"https:\/\/entityx.codefellas.io\/?page_id=8092"},"modified":"2024-06-19T10:45:34","modified_gmt":"2024-06-19T08:45:34","slug":"impressum","status":"publish","type":"page","link":"https:\/\/entityx.com\/en\/impressum\/","title":{"rendered":"Imprint"},"content":{"rendered":"<div data-elementor-type=\"wp-page\" data-elementor-id=\"8092\" class=\"elementor elementor-8092\" data-elementor-post-type=\"page\">\n\t\t\t\t\t\t\t<div class=\"elementor-element elementor-element-e85071a e-flex e-con-boxed e-con e-parent\" data-id=\"e85071a\" data-element_type=\"container\" data-settings=\"{&quot;content_width&quot;:&quot;boxed&quot;}\" data-core-v316-plus=\"true\">\n\t\t\t\t\t<div class=\"e-con-inner\">\n\t\t\t\t<div class=\"elementor-element elementor-element-fd0681b elementor-widget elementor-widget-heading\" data-id=\"fd0681b\" data-element_type=\"widget\" data-widget_type=\"heading.default\">\n\t\t\t\t<div class=\"elementor-widget-container\">\n\t\t\t<style>\/*! elementor - v3.18.0 - 20-12-2023 *\/\n.elementor-heading-title{padding:0;margin:0;line-height:1}.elementor-widget-heading .elementor-heading-title[class*=elementor-size-]>a{color:inherit;font-size:inherit;line-height:inherit}.elementor-widget-heading .elementor-heading-title.elementor-size-small{font-size:15px}.elementor-widget-heading .elementor-heading-title.elementor-size-medium{font-size:19px}.elementor-widget-heading .elementor-heading-title.elementor-size-large{font-size:29px}.elementor-widget-heading .elementor-heading-title.elementor-size-xl{font-size:39px}.elementor-widget-heading .elementor-heading-title.elementor-size-xxl{font-size:59px}<\/style><h2 class=\"elementor-heading-title elementor-size-default\">Imprint<\/h2>\t\t<\/div>\n\t\t\t\t<\/div>\n\t\t\t\t\t<\/div>\n\t\t\t\t<\/div>\n\t\t<div class=\"elementor-element elementor-element-7e4856d e-flex e-con-boxed e-con e-parent\" data-id=\"7e4856d\" data-element_type=\"container\" data-settings=\"{&quot;background_background&quot;:&quot;classic&quot;,&quot;content_width&quot;:&quot;boxed&quot;}\" data-core-v316-plus=\"true\">\n\t\t\t\t\t<div class=\"e-con-inner\">\n\t\t<div class=\"elementor-element elementor-element-a334aa5 e-flex e-con-boxed elementor-invisible e-con e-child\" data-id=\"a334aa5\" data-element_type=\"container\" data-settings=\"{&quot;animation&quot;:&quot;fadeInUp&quot;,&quot;animation_delay&quot;:200,&quot;content_width&quot;:&quot;boxed&quot;}\">\n\t\t\t\t\t<div class=\"e-con-inner\">\n\t\t<div class=\"elementor-element elementor-element-b2f2aad e-con-full e-flex e-con e-child\" data-id=\"b2f2aad\" data-element_type=\"container\" data-settings=\"{&quot;content_width&quot;:&quot;full&quot;}\">\n\t\t\t\t<div class=\"elementor-element elementor-element-22ec312 elementor-widget__width-initial elementor-widget elementor-widget-text-editor\" data-id=\"22ec312\" data-element_type=\"widget\" data-widget_type=\"text-editor.default\">\n\t\t\t\t<div class=\"elementor-widget-container\">\n\t\t\t<style>\/*! elementor - v3.18.0 - 20-12-2023 *\/\n.elementor-widget-text-editor.elementor-drop-cap-view-stacked .elementor-drop-cap{background-color:#69727d;color:#fff}.elementor-widget-text-editor.elementor-drop-cap-view-framed .elementor-drop-cap{color:#69727d;border:3px solid;background-color:transparent}.elementor-widget-text-editor:not(.elementor-drop-cap-view-default) .elementor-drop-cap{margin-top:8px}.elementor-widget-text-editor:not(.elementor-drop-cap-view-default) .elementor-drop-cap-letter{width:1em;height:1em}.elementor-widget-text-editor .elementor-drop-cap{float:left;text-align:center;line-height:1;font-size:50px}.elementor-widget-text-editor .elementor-drop-cap-letter{display:inline-block}<\/style>\t\t\t\t<p><strong>Details<\/strong><\/p><p>Entity X GmbH<\/p><p>Erkelenzdamm 59-61 \/ D-10999 Berlin<\/p><p>E-Mail: hello@entityx.com<\/p><p>Managing Directors<\/p><p>Cornelius Radunz<\/p><p>Christopher Stimik<\/p><p>Maximilian Kolb<\/p><p><strong>Registry Court<\/strong><\/p><p>Amtsgericht Charlottenburg HRB 206904 B<\/p><p>VAT ID<\/p><p>DE324681110<\/p><p><strong>Liability<\/strong><\/p><p>Although the contents of our website have been prepared with the greatest care, we cannot assume any liability for the correctness, completeness and topicality of the contents. As a service provider we are responsible in accordance with Article 7 par.1 of the German Telemedia Act (TMG) for own contents on these pages under the general laws. Pursuant to Articles 8 through 10 TMG however we are not under obligation as a service provider to monitor transmitted or stored third-party information or to search for circumstances which may point on illegal activities. Obligations to remove or block the use of information according to the general laws remain unaffected. Any liability in this respect is, however, only possible from the moment of knowledge of a concrete infringement of rights. If we become aware of legal violations, we shall immediately remove these contents.<\/p><p><strong>Copyright <\/strong>\u00a0\u00a0<\/p><p>The contents and works on this website compiled by the website operator are subject to the German copyright law. Reproduction, processing, dissemination and any type of use beyond the scope of the copyright law shall require the prior written consent of its respective author or creator.<\/p><p><strong>Credits:<\/strong><\/p><p>Web Development: Codefellas.io<\/p>\t\t\t\t\t\t<\/div>\n\t\t\t\t<\/div>\n\t\t\t\t<\/div>\n\t\t\t\t\t<\/div>\n\t\t\t\t<\/div>\n\t\t\t\t\t<\/div>\n\t\t\t\t<\/div>\n\t\t\t\t\t\t\t<\/div>","protected":false},"excerpt":{"rendered":"<p>Impressum Details zum Unternehmen Entity X GmbH Erkelenzdamm 59-61 \/ D-10999 Berlin E-Mail: hello@entityx.com Gesch\u00e4ftsf\u00fchrende Gesellschafter: Cornelius Radunz Christopher Stimik Maximilian Kolb Registergericht Amtsgericht Charlottenburg HRB 206904 B Umsatzsteuer-ID-Nr. DE324681110 Haftung f\u00fcr die Inhalte Obwohl die Inhalte unserer Seiten mit gr\u00f6\u00dfter Sorgfalt erstellt wurden, k\u00f6nnen wir f\u00fcr die Richtigkeit, Vollst\u00e4ndigkeit und Aktualit\u00e4t der Inhalte keine [&hellip;]<\/p>","protected":false},"author":4,"featured_media":0,"parent":0,"menu_order":0,"comment_status":"closed","ping_status":"closed","template":"elementor_header_footer","meta":{"footnotes":""},"class_list":["post-8092","page","type-page","status-publish","hentry"],"yoast_head":"<!-- This site is optimized with the Yoast SEO plugin v21.8 - https:\/\/yoast.com\/wordpress\/plugins\/seo\/ -->\n<title>Impressum | entity x\u00ae<\/title>\n<meta name=\"robots\" content=\"index, follow, max-snippet:-1, max-image-preview:large, max-video-preview:-1\" \/>\n<link rel=\"canonical\" href=\"https:\/\/entityx.com\/en\/impressum\/\" \/>\n<meta property=\"og:locale\" content=\"en_US\" \/>\n<meta property=\"og:type\" content=\"article\" \/>\n<meta property=\"og:title\" content=\"Impressum | entity x\u00ae\" \/>\n<meta property=\"og:description\" content=\"Impressum Details zum Unternehmen Entity X GmbH Erkelenzdamm 59-61 \/ D-10999 Berlin E-Mail: hello@entityx.com Gesch\u00e4ftsf\u00fchrende Gesellschafter: Cornelius Radunz Christopher Stimik Maximilian Kolb Registergericht Amtsgericht Charlottenburg HRB 206904 B Umsatzsteuer-ID-Nr. DE324681110 Haftung f\u00fcr die Inhalte Obwohl die Inhalte unserer Seiten mit gr\u00f6\u00dfter Sorgfalt erstellt wurden, k\u00f6nnen wir f\u00fcr die Richtigkeit, Vollst\u00e4ndigkeit und Aktualit\u00e4t der Inhalte keine [&hellip;]\" \/>\n<meta property=\"og:url\" content=\"https:\/\/entityx.com\/en\/impressum\/\" \/>\n<meta property=\"og:site_name\" content=\"entity x\u00ae\" \/>\n<meta property=\"article:modified_time\" content=\"2024-06-19T08:45:34+00:00\" \/>\n<meta name=\"twitter:card\" content=\"summary_large_image\" \/>\n<meta name=\"twitter:label1\" content=\"Est. reading time\" \/>\n\t<meta name=\"twitter:data1\" content=\"1 minute\" \/>\n<script type=\"application\/ld+json\" class=\"yoast-schema-graph\">{\"@context\":\"https:\/\/schema.org\",\"@graph\":[{\"@type\":\"WebPage\",\"@id\":\"https:\/\/entityx.com\/impressum\/\",\"url\":\"https:\/\/entityx.com\/impressum\/\",\"name\":\"Impressum | entity x\u00ae\",\"isPartOf\":{\"@id\":\"https:\/\/entityx.com\/#website\"},\"datePublished\":\"2023-12-21T13:46:45+00:00\",\"dateModified\":\"2024-06-19T08:45:34+00:00\",\"breadcrumb\":{\"@id\":\"https:\/\/entityx.com\/impressum\/#breadcrumb\"},\"inLanguage\":\"en-US\",\"potentialAction\":[{\"@type\":\"ReadAction\",\"target\":[\"https:\/\/entityx.com\/impressum\/\"]}]},{\"@type\":\"BreadcrumbList\",\"@id\":\"https:\/\/entityx.com\/impressum\/#breadcrumb\",\"itemListElement\":[{\"@type\":\"ListItem\",\"position\":1,\"name\":\"Home\",\"item\":\"https:\/\/entityx.com\/\"},{\"@type\":\"ListItem\",\"position\":2,\"name\":\"Impressum\"}]},{\"@type\":\"WebSite\",\"@id\":\"https:\/\/entityx.com\/#website\",\"url\":\"https:\/\/entityx.com\/\",\"name\":\"entity x\u00ae\",\"description\":\"\",\"publisher\":{\"@id\":\"https:\/\/entityx.com\/#organization\"},\"potentialAction\":[{\"@type\":\"SearchAction\",\"target\":{\"@type\":\"EntryPoint\",\"urlTemplate\":\"https:\/\/entityx.com\/?s={search_term_string}\"},\"query-input\":\"required name=search_term_string\"}],\"inLanguage\":\"en-US\"},{\"@type\":\"Organization\",\"@id\":\"https:\/\/entityx.com\/#organization\",\"name\":\"Entity X\",\"url\":\"https:\/\/entityx.com\/\",\"logo\":{\"@type\":\"ImageObject\",\"inLanguage\":\"en-US\",\"@id\":\"https:\/\/entityx.com\/#\/schema\/logo\/image\/\",\"url\":\"https:\/\/entityx.com\/wp-content\/uploads\/2023\/12\/ex-logo.png\",\"contentUrl\":\"https:\/\/entityx.com\/wp-content\/uploads\/2023\/12\/ex-logo.png\",\"width\":500,\"height\":134,\"caption\":\"Entity X\"},\"image\":{\"@id\":\"https:\/\/entityx.com\/#\/schema\/logo\/image\/\"},\"sameAs\":[\"https:\/\/www.instagram.com\/team.entityx\/\",\"https:\/\/www.linkedin.com\/company\/entityx?originalSubdomain=de\"]}]}<\/script>\n<!-- \/ Yoast SEO plugin. -->","yoast_head_json":{"title":"Impressum | entity x\u00ae","robots":{"index":"index","follow":"follow","max-snippet":"max-snippet:-1","max-image-preview":"max-image-preview:large","max-video-preview":"max-video-preview:-1"},"canonical":"https:\/\/entityx.com\/en\/impressum\/","og_locale":"en_US","og_type":"article","og_title":"Impressum | entity x\u00ae","og_description":"Impressum Details zum Unternehmen Entity X GmbH Erkelenzdamm 59-61 \/ D-10999 Berlin E-Mail: hello@entityx.com Gesch\u00e4ftsf\u00fchrende Gesellschafter: Cornelius Radunz Christopher Stimik Maximilian Kolb Registergericht Amtsgericht Charlottenburg HRB 206904 B Umsatzsteuer-ID-Nr. DE324681110 Haftung f\u00fcr die Inhalte Obwohl die Inhalte unserer Seiten mit gr\u00f6\u00dfter Sorgfalt erstellt wurden, k\u00f6nnen wir f\u00fcr die Richtigkeit, Vollst\u00e4ndigkeit und Aktualit\u00e4t der Inhalte keine [&hellip;]","og_url":"https:\/\/entityx.com\/en\/impressum\/","og_site_name":"entity x\u00ae","article_modified_time":"2024-06-19T08:45:34+00:00","twitter_card":"summary_large_image","twitter_misc":{"Est. reading time":"1 minute"},"schema":{"@context":"https:\/\/schema.org","@graph":[{"@type":"WebPage","@id":"https:\/\/entityx.com\/impressum\/","url":"https:\/\/entityx.com\/impressum\/","name":"Impressum | entity x\u00ae","isPartOf":{"@id":"https:\/\/entityx.com\/#website"},"datePublished":"2023-12-21T13:46:45+00:00","dateModified":"2024-06-19T08:45:34+00:00","breadcrumb":{"@id":"https:\/\/entityx.com\/impressum\/#breadcrumb"},"inLanguage":"en-US","potentialAction":[{"@type":"ReadAction","target":["https:\/\/entityx.com\/impressum\/"]}]},{"@type":"BreadcrumbList","@id":"https:\/\/entityx.com\/impressum\/#breadcrumb","itemListElement":[{"@type":"ListItem","position":1,"name":"Home","item":"https:\/\/entityx.com\/"},{"@type":"ListItem","position":2,"name":"Impressum"}]},{"@type":"WebSite","@id":"https:\/\/entityx.com\/#website","url":"https:\/\/entityx.com\/","name":"entity x\u00ae","description":"","publisher":{"@id":"https:\/\/entityx.com\/#organization"},"potentialAction":[{"@type":"SearchAction","target":{"@type":"EntryPoint","urlTemplate":"https:\/\/entityx.com\/?s={search_term_string}"},"query-input":"required name=search_term_string"}],"inLanguage":"en-US"},{"@type":"Organization","@id":"https:\/\/entityx.com\/#organization","name":"Entity X","url":"https:\/\/entityx.com\/","logo":{"@type":"ImageObject","inLanguage":"en-US","@id":"https:\/\/entityx.com\/#\/schema\/logo\/image\/","url":"https:\/\/entityx.com\/wp-content\/uploads\/2023\/12\/ex-logo.png","contentUrl":"https:\/\/entityx.com\/wp-content\/uploads\/2023\/12\/ex-logo.png","width":500,"height":134,"caption":"Entity X"},"image":{"@id":"https:\/\/entityx.com\/#\/schema\/logo\/image\/"},"sameAs":["https:\/\/www.instagram.com\/team.entityx\/","https:\/\/www.linkedin.com\/company\/entityx?originalSubdomain=de"]}]}},"_links":{"self":[{"href":"https:\/\/entityx.com\/en\/wp-json\/wp\/v2\/pages\/8092"}],"collection":[{"href":"https:\/\/entityx.com\/en\/wp-json\/wp\/v2\/pages"}],"about":[{"href":"https:\/\/entityx.com\/en\/wp-json\/wp\/v2\/types\/page"}],"author":[{"embeddable":true,"href":"https:\/\/entityx.com\/en\/wp-json\/wp\/v2\/users\/4"}],"replies":[{"embeddable":true,"href":"https:\/\/entityx.com\/en\/wp-json\/wp\/v2\/comments?post=8092"}],"version-history":[{"count":46,"href":"https:\/\/entityx.com\/en\/wp-json\/wp\/v2\/pages\/8092\/revisions"}],"predecessor-version":[{"id":13146,"href":"https:\/\/entityx.com\/en\/wp-json\/wp\/v2\/pages\/8092\/revisions\/13146"}],"wp:attachment":[{"href":"https:\/\/entityx.com\/en\/wp-json\/wp\/v2\/media?parent=8092"}],"curies":[{"name":"wp","href":"https:\/\/api.w.org\/{rel}","templated":true}]}}